{"id":3,"date":"2021-06-01T14:09:14","date_gmt":"2021-06-01T14:09:14","guid":{"rendered":"https:\/\/jolie.vamtam.com\/?page_id=3"},"modified":"2023-08-07T11:50:57","modified_gmt":"2023-08-07T11:50:57","slug":"privacy-policy","status":"publish","type":"page","link":"https:\/\/physiogel-polska.pl\/?page_id=3","title":{"rendered":"Privacy Policy"},"content":{"rendered":"\t\t<div data-elementor-type=\"wp-page\" data-elementor-id=\"3\" class=\"elementor elementor-3\" data-elementor-post-type=\"page\">\n\t\t\t\t\t\t\t\t\t<section class=\"elementor-section elementor-top-section elementor-element elementor-element-4bf2cba elementor-section-boxed elementor-section-height-default elementor-section-height-default\" data-id=\"4bf2cba\" data-element_type=\"section\">\n\t\t\t\t\t\t<div class=\"elementor-container elementor-column-gap-no\">\n\t\t\t\t\t<div class=\"elementor-column elementor-col-100 elementor-top-column elementor-element elementor-element-5dd1a03\" data-id=\"5dd1a03\" data-element_type=\"column\" data-settings=\"{&quot;motion_fx_motion_fx_scrolling&quot;:&quot;yes&quot;,&quot;motion_fx_translateY_effect&quot;:&quot;yes&quot;,&quot;motion_fx_translateY_speed&quot;:{&quot;unit&quot;:&quot;px&quot;,&quot;size&quot;:2,&quot;sizes&quot;:[]},&quot;motion_fx_devices&quot;:[&quot;desktop&quot;],&quot;motion_fx_translateY_affectedRange&quot;:{&quot;unit&quot;:&quot;%&quot;,&quot;size&quot;:&quot;&quot;,&quot;sizes&quot;:{&quot;start&quot;:0,&quot;end&quot;:100}}}\">\n\t\t\t<div class=\"elementor-widget-wrap elementor-element-populated\">\n\t\t\t\t\t\t\t\t<div class=\"elementor-element elementor-element-1b08461 elementor-invisible elementor-widget elementor-widget-text-editor\" data-id=\"1b08461\" data-element_type=\"widget\" data-settings=\"{&quot;_animation&quot;:&quot;fadeInDown&quot;,&quot;_animation_tablet&quot;:&quot;none&quot;,&quot;_animation_delay&quot;:300}\" data-widget_type=\"text-editor.default\">\n\t\t\t\t<div class=\"elementor-widget-container\">\n\t\t\t<style>\/*! elementor - v3.16.0 - 20-09-2023 *\/\n.elementor-widget-text-editor.elementor-drop-cap-view-stacked .elementor-drop-cap{background-color:#69727d;color:#fff}.elementor-widget-text-editor.elementor-drop-cap-view-framed .elementor-drop-cap{color:#69727d;border:3px solid;background-color:transparent}.elementor-widget-text-editor:not(.elementor-drop-cap-view-default) .elementor-drop-cap{margin-top:8px}.elementor-widget-text-editor:not(.elementor-drop-cap-view-default) .elementor-drop-cap-letter{width:1em;height:1em}.elementor-widget-text-editor .elementor-drop-cap{float:left;text-align:center;line-height:1;font-size:50px}.elementor-widget-text-editor .elementor-drop-cap-letter{display:inline-block}<\/style>\t\t\t\t<h1>Polityka <span style=\"color: #ff6a00;\">~<\/span><\/h1>\t\t\t\t\t\t<\/div>\n\t\t\t\t<\/div>\n\t\t\t\t<div class=\"vamtam-has-theme-widget-styles elementor-element elementor-element-4b5f041 elementor-invisible elementor-widget elementor-widget-heading\" data-id=\"4b5f041\" data-element_type=\"widget\" data-settings=\"{&quot;_animation&quot;:&quot;fadeInUp&quot;,&quot;_animation_tablet&quot;:&quot;none&quot;,&quot;_animation_delay&quot;:400}\" data-widget_type=\"heading.default\">\n\t\t\t\t<div class=\"elementor-widget-container\">\n\t\t\t<style>\/*! elementor - v3.16.0 - 20-09-2023 *\/\n.elementor-heading-title{padding:0;margin:0;line-height:1}.elementor-widget-heading .elementor-heading-title[class*=elementor-size-]>a{color:inherit;font-size:inherit;line-height:inherit}.elementor-widget-heading .elementor-heading-title.elementor-size-small{font-size:15px}.elementor-widget-heading .elementor-heading-title.elementor-size-medium{font-size:19px}.elementor-widget-heading .elementor-heading-title.elementor-size-large{font-size:29px}.elementor-widget-heading .elementor-heading-title.elementor-size-xl{font-size:39px}.elementor-widget-heading .elementor-heading-title.elementor-size-xxl{font-size:59px}<\/style><h1 class=\"elementor-heading-title elementor-size-default\">Prywatno\u015bci<\/h1>\t\t<\/div>\n\t\t\t\t<\/div>\n\t\t\t\t\t<\/div>\n\t\t<\/div>\n\t\t\t\t\t\t\t<\/div>\n\t\t<\/section>\n\t\t\t\t<section class=\"elementor-section elementor-top-section elementor-element elementor-element-27590fcf elementor-section-boxed elementor-section-height-default elementor-section-height-default\" data-id=\"27590fcf\" data-element_type=\"section\">\n\t\t\t\t\t\t<div class=\"elementor-container elementor-column-gap-no\">\n\t\t\t\t\t<div class=\"elementor-column elementor-col-100 elementor-top-column elementor-element elementor-element-9287207\" data-id=\"9287207\" data-element_type=\"column\">\n\t\t\t<div class=\"elementor-widget-wrap elementor-element-populated\">\n\t\t\t\t\t\t\t\t<div class=\"elementor-element elementor-element-768a6ca6 elementor-widget elementor-widget-text-editor\" data-id=\"768a6ca6\" data-element_type=\"widget\" data-widget_type=\"text-editor.default\">\n\t\t\t\t<div class=\"elementor-widget-container\">\n\t\t\t\t\t\t\t<!-- wp:heading -->\n<p class=\"p2\">Podanie danych osobowych, a tak\u017ce zgoda na ich przetwarzanie s\u0105 ca\u0142kowicie dobrowolne. Wszelkie przekazane nam dane osobowe s\u0105 przetwarzane wy\u0142\u0105cznie w zakresie i celu, na jaki wyrazi\u0142e\u015b zgod\u0119. W przypadku, gdy postanowisz jednak nie podawa\u0107 nam niezb\u0119dnych do realizacji zam\u00f3wienia danych i nie wyrazisz zgody na ich przetwarzanie, niestety nie b\u0119dziemy mogli zrealizowa\u0107 Twojego zam\u00f3wienia.<\/p>\n<p class=\"p2\">Prosimy, aby\u015b pami\u0119ta\u0142, \u017ce w ka\u017cdej chwili masz prawo do aktualizacji lub ca\u0142kowitego usuni\u0119cia swoich danych osobowych. Mo\u017cesz to zrobi\u0107 samodzielnie, jak i korzystaj\u0105c z naszej pomocy, kt\u00f3rej ch\u0119tnie udzielimy.<\/p>\n<p class=\"p2\">Nasza firma przestrzega restryktywnej polityki bezpiecze\u0144stwa danych osobowych. Twoje dane osobowe s\u0105 u nas bezpieczne i dok\u0142adamy wszelkich stara\u0144, aby poziom ten z roku na rok by\u0142 coraz wy\u017cszy. Wierzymy, \u017ce zapoznanie si\u0119 z nasz\u0105 polityk\u0105 prywatno\u015bci pozwoli Ci poczu\u0107 si\u0119 bezpiecznie w serwisie physiogel.pl.<\/p>\n<p class=\"p3\"><b>I. Administrator Danych Osobowych<\/b><\/p>\n<p class=\"p2\">Administratorem danych osobowych physiogel.pl (dalej ADO), czyli odpowiedzialnym za zapewnienie bezpiecze\u0144stwa Twoim danym osobowym jest:<\/p>\n<p class=\"p2\">Aristo Pharma Sp. z o.o., ul. Baletowa 30, 02-867 Warszawa, wpisana do rejestru przedsi\u0119biorc\u00f3w Krajowego Rejestru S\u0105dowego, prowadzonego przez S\u0105d Rejonowy dla m.st. Warszawy pod numerem KRS 245146, NIP: PL 951-216-98-76, REGON: 140380965.<\/p>\n<p class=\"p3\"><b>II. System ochrony danych osobowych<\/b><\/p>\n<p class=\"p2\">ADO<span class=\"s1\"><b>\u00a0<\/b><\/span>zastosowa\u0142 \u015brodki techniczne i organizacyjne zapewniaj\u0105ce ochron\u0119 przetwarzanych danych zgodne z wymaganiami okre\u015blonymi w obowi\u0105zuj\u0105cych przepisach o ochronie danych osobowych. W szczeg\u00f3lno\u015bci uwzgl\u0119dniono: Rozporz\u0105dzenie Parlamentu Europejskiego i Rady (UE) 2016\/679 z dnia 27 kwietnia 2016 r. w sprawie ochrony os\u00f3b fizycznych w zwi\u0105zku z przetwarzaniem danych osobowych i w sprawie swobodnego przep\u0142ywu takich danych oraz uchylenia dyrektywy 95\/46\/WE. U\u017cywamy certyfikatu SSL, kt\u00f3ry gwarantuje, \u017ce komunikacja pomi\u0119dzy Twoim komputerem, a physiogel.pl jest szyfrowana 256 bitowym kluczem.<\/p>\n<p class=\"p2\">ADO tym samym dope\u0142ni\u0142 wszelkich prawem przewidzianych obowi\u0105zk\u00f3w w zakresie ochrony danych osobowych.<\/p>\n<p class=\"p3\"><b>III. Dane osobowe, cel i czas przechowywania<\/b><\/p>\n<p class=\"p3\"><b>A. Marketing<\/b><\/p>\n<p class=\"p2\">W przypadku subskrypcji newslettera oraz wyra\u017cenia zgody na jego otrzymywanie w procesie rejestracji lub sk\u0142adania zam\u00f3wienia prosimy jedynie o podanie adresu e-mail, na kt\u00f3ry przesy\u0142ane b\u0119d\u0119 informacje handlowe z physiogel.pl, z kt\u00f3rych w ka\u017cdej chwili mo\u017cesz zrezygnowa\u0107 klikaj\u0105c link anuluj\u0105cy subskrypcj\u0119 i znajduj\u0105cy si\u0119 w stopce ka\u017cdego newslettera.<\/p>\n<p class=\"p3\"><b>B. Korespondencja<\/b><\/p>\n<p class=\"p2\">W przypadku, kiedy zostan\u0105 nam przekazane dane osobowe, kt\u00f3re nie s\u0105 nam niezb\u0119dne w celu realizacji umowy lub prawnego obowi\u0105zku np. w korespondencji z nami, w formularzach odst\u0105pienia od umowy, r\u0119kojmi lub gwarancji dane te zostan\u0105 niezw\u0142ocznie usuni\u0119te lub zanonimizowane i nie b\u0119d\u0105 przetwarzane.<\/p>\n<p class=\"p2\">Prosimy wi\u0119c nie przekazywa\u0107 nam informacji i danych osobowych, o kt\u00f3re wprost nie prosimy i niemaj\u0105cych znaczenia z punktu widzenia realizacji umowy lub obowi\u0105zku prawnego.<\/p>\n<p class=\"p3\"><b>IV. Cookies \u2013 Twoje dane osobowe, kt\u00f3re pobierane s\u0105 automatycznie po wej\u015bciu na Physiogel.pl<\/b><\/p>\n<p class=\"p2\">Pliki cookies (tzw. ciasteczka) stanowi\u0105 dane informatyczne, w szczeg\u00f3lno\u015bci pliki tekstowe, kt\u00f3re przechowywane s\u0105 w urz\u0105dzeniu ko\u0144cowym Klienta physiogel.pl.<\/p>\n<p class=\"p2\">W ramach physiogel.pl stosowane s\u0105 dwa zasadnicze rodzaje plik\u00f3w cookies: sesyjne (session cookies) oraz sta\u0142e (persistent cookies). Cookies sesyjne s\u0105 plikami tymczasowymi, kt\u00f3re przechowywane s\u0105 w urz\u0105dzeniu ko\u0144cowym Klienta do czasu wylogowania, opuszczenia strony internetowej lub wy\u0142\u0105czenia oprogramowania (przegl\u0105darki internetowej). Sta\u0142e pliki cookies przechowywane s\u0105 w urz\u0105dzeniu ko\u0144cowym Klienta przez czas okre\u015blony w parametrach plik\u00f3w cookies lub do czasu ich usuni\u0119cia przez Klienta.<\/p>\n<p class=\"p2\">W ramach physiogel.pl stosowane s\u0105 nast\u0119puj\u0105ce rodzaje plik\u00f3w cookies:<\/p>\n<ol class=\"ol1\">\n<li class=\"li4\"><span class=\"s2\">pliki cookies s\u0142u\u017c\u0105ce do zapewnienia bezpiecze\u0144stwa, np. wykorzystywane do wykrywania nadu\u017cy\u0107 w zakresie uwierzytelniania w ramach physiogel.pl;<\/span><\/li>\n<li class=\"li4\"><span class=\"s2\">wydajno\u015bciowe pliki cookies, umo\u017cliwiaj\u0105ce zbieranie informacji o sposobie korzystania ze stron internetowych physiogel.pl;<\/span><\/li>\n<li class=\"li4\"><span class=\"s2\">funkcjonalne pliki cookies, umo\u017cliwiaj\u0105ce zapami\u0119tanie wybranych przez Klienta ustawie\u0144 i personalizacj\u0119 interfejsu physiogel.pl;<\/span><\/li>\n<li class=\"li4\"><span class=\"s2\">reklamowe pliki cookies, umo\u017cliwiaj\u0105ce dostarczanie Klientowi tre\u015bci reklamowych bardziej dostosowanych do jego zainteresowa\u0144. (personalizacja reklam)<\/span><\/li>\n<\/ol>\n<p class=\"p2\">W wielu przypadkach oprogramowanie s\u0142u\u017c\u0105ce do przegl\u0105dania stron internetowych (przegl\u0105darka internetowa) domy\u015blnie dopuszcza przechowywanie plik\u00f3w cookies.<\/p>\n<p class=\"p2\">W przypadku, gdy nie zgadzasz si\u0119 na umieszczanie na swoim urz\u0105dzeniu plik\u00f3w cookies mo\u017ce zablokowa\u0107 ich umieszczenie odpowiednio konfiguruj\u0105c swoja przegl\u0105dark\u0119 internetow\u0105. Informacje jak to zrobi\u0107 znajdziesz w plikach pomocy swojej przegl\u0105darki internetowej. Niestety w przypadku zablokowania plik\u00f3w cookies pochodz\u0105cych z physiogel.pl nie mo\u017cemy zagwarantowa\u0107 jego poprawnego dzia\u0142ania.<\/p>\n<p class=\"p2\">Je\u017celi zgadzasz si\u0119 na umieszczanie na swoim urz\u0105dzeniu plik\u00f3w cookies, ale po zako\u0144czeniu odwiedzin w physiogel.pl chcia\u0142by\u015b je skasowa\u0107, mo\u017cesz to zrobi\u0107 bez ryzyka a informacj\u0119 o tym jak, to zrobi\u0107 znajdziesz w plikach pomocy swojej przegl\u0105darki internetowej.<\/p>\n<p class=\"p3\"><b>A. Physiogel.pl (serwer)<\/b><\/p>\n<p class=\"p2\">System informatyczny, z kt\u00f3rego korzysta physiogel.pl automatycznie gromadzi w logach dane zwi\u0105zane z urz\u0105dzeniem, z kt\u00f3rego korzystasz \u0142\u0105cz\u0105c si\u0119 z physiogel.pl. Dane te gromadzone s\u0105 jedynie w celach statystycznych i dotycz\u0105: typu urz\u0105dzenia, systemu operacyjnego, rodzaju przegl\u0105darki internetowej, rozdzielczo\u015bci ekranu, g\u0142\u0119bi kolor\u00f3w, IP, dostawcy us\u0142ug internetowych, czy adres wej\u015bcia na physiogel.pl i s\u0105 wykorzystywane jedynie w procesie optymalizacji physiogel.pl w celu zapewnienia jak najwi\u0119kszej wygody korzystania.<\/p>\n<p class=\"p2\">Dane te nie s\u0105 nigdy \u0142\u0105czone z danymi podanymi, o kt\u00f3rych mowa w III cz\u0119\u015bci i stanowi\u0105 jedynie materia\u0142 do analizy statystycznej i mechanizm\u00f3w korygowania b\u0142\u0119d\u00f3w systemowych.<\/p>\n<p class=\"p3\"><b>B. Physiogel (cookies)<\/b><\/p>\n<p class=\"p2\">Physiogel.pl wykorzystuje technologi\u0119 cookies, czyli plik\u00f3w tekstowych umieszczanych na Twoim urz\u0105dzeniu, w celu umo\u017cliwienia physiogel.pl rozpoznania Ciebie i dostosowania physiogel.pl do Twoich potrzeb.<\/p>\n<p class=\"p2\">Physiogel.pl wykorzystuje cookies do:<\/p>\n<ol class=\"ol1\">\n<li class=\"li4\"><span class=\"s2\">zapami\u0119tania Twoich preferencji wy\u015bwietlania physiogel.pl <\/span><\/li>\n<li class=\"li4\"><span class=\"s2\">tworzenia statystyk i raport\u00f3w ogl\u0105dalno\u015bci funkcjonowania physiogel.pl<\/span><\/li>\n<\/ol>\n<p class=\"p3\"><b>C. Google Analytics (cookies)<\/b><\/p>\n<p class=\"p2\">Google Analytics wykorzystuje technologi\u0119 cookies, czyli plik\u00f3w tekstowych umieszczanych na Twoim urz\u0105dzeniu, w celu umo\u017cliwienia przeanalizowania przez physiogel.pl \u017ar\u00f3de\u0142 ruchu i sposobu, w jaki odwiedzaj\u0105cy korzystaj\u0105 z niego.<\/p>\n<p class=\"p2\">Google gromadzi na swoich serwerach dane pozyskane z umieszczania na urz\u0105dzeniach plik\u00f3w cookies i korzysta z tych informacji w celu tworzenia raport\u00f3w i \u015bwiadczenia innych us\u0142ug zwi\u0105zanych z ruchem i korzystaniem z internetu.<\/p>\n<p class=\"p2\">Google mo\u017ce r\u00f3wnie\u017c przekazywa\u0107 te informacje osobom trzecim, je\u017celi b\u0119dzie zobowi\u0105zana to uczyni\u0107 na podstawie przepis\u00f3w prawa lub w przypadku, gdy osoby te przetwarzaj\u0105 takie informacje w imieniu Google.<\/p>\n<p class=\"p2\">Dane te nie s\u0105 nigdy \u0142\u0105czone z danymi podanymi, o kt\u00f3rych mowa w III cz\u0119\u015bci i stanowi\u0105 jedynie materia\u0142 do analizy statystycznej i mechanizm\u00f3w korygowania b\u0142\u0119d\u00f3w systemowych.<\/p>\n<p class=\"p2\">Dane s\u0105 przetwarzane przez 12 miesi\u0119cy od ostatniej aktywno\u015bci, po czym cookie jest kasowane.<\/p>\n<p class=\"p3\"><b>D. Google AdWords (cookies)<\/b><\/p>\n<p class=\"p2\">Google AdWords wykorzystuje technologi\u0119 cookies, czyli plik\u00f3w tekstowych umieszczanych na Twoim urz\u0105dzeniu, w celu umo\u017cliwienia przez physiogel.pl oceny poprawno\u015bci i skuteczno\u015bci prowadzonej dzia\u0142alno\u015bci reklamowej z wykorzystaniem sieci AdWords.<\/p>\n<p class=\"p2\">Google gromadzi na swoich serwerach dane pozyskane z umieszczania na urz\u0105dzeniach plik\u00f3w cookies i korzysta z tych informacji w celu tworzenia raport\u00f3w i \u015bwiadczenia innych us\u0142ug zwi\u0105zanych z ruchem i korzystaniem z internetu.<\/p>\n<p class=\"p2\">Google mo\u017ce r\u00f3wnie\u017c przekazywa\u0107 te informacje osobom trzecim, je\u017celi b\u0119dzie zobowi\u0105zana to uczyni\u0107 na podstawie przepis\u00f3w prawa lub w przypadku, gdy osoby te przetwarzaj\u0105 takie informacje w imieniu Google.<\/p>\n<p class=\"p2\">Dane te nie s\u0105 nigdy \u0142\u0105czone z danymi podanymi, o kt\u00f3rych mowa w III cz\u0119\u015bci i stanowi\u0105 jedynie materia\u0142 do analizy statystycznej i mechanizm\u00f3w korygowania b\u0142\u0119d\u00f3w systemowych.<\/p>\n<p class=\"p2\">Dane s\u0105 przetwarzane przez 12 miesi\u0119cy od ostatniej aktywno\u015bci, po czym cookie jest kasowane.<\/p>\n<p class=\"p3\"><b>E. Cookies pochodz\u0105ce z serwer\u00f3w partner\u00f3w<\/b><\/p>\n<p class=\"p2\">Physiogel.pl korzysta ze skrypt\u00f3w i element\u00f3w oprogramowania dostarczonych i znajduj\u0105cych si\u0119 na serwerach jej partner\u00f3w biznesowych. Cookie takie mog\u0105 zawiera\u0107 dane niezb\u0119dne partnerowi do realizacji us\u0142ugi dostarczanej physiogel.pl<\/p>\n<p class=\"p2\">Physiogel.pl bardzo starannie dobiera swoich partner\u00f3w biznesowych nie odpowiada jednak za ich polityk\u0119 w zakresie cookies. Dlatego zalecamy weryfikacj\u0119 ka\u017cdego z naszych partner\u00f3w w zakresie w\u0142asnym i samodzielne podj\u0119cie decyzji, czy chcesz akceptowa\u0107 ich cookies.<\/p>\n<p class=\"p2\">Physiogel.pl wykorzystuje skrypty nast\u0119puj\u0105cych partner\u00f3w:<\/p>\n<p class=\"p2\">1. Google Inc. z siedzib\u0105 w Mountain View (CA, USA )<\/p>\n<p class=\"p2\">2. Facebook Inc. z siedzib\u0105 w Menlo Park (CA, USA)<\/p>\n<p class=\"p3\"><b>V. Polityka prywatno\u015bci bezpiecze\u0144stwa partner\u00f3w physiogel.pl<\/b><\/p>\n<p class=\"p2\">Physiogel.pl bardzo starannie dobiera swoich partner\u00f3w biznesowych i r\u00f3wnie starannie weryfikuje zamieszczanie w physiogel.pl linki do innych stron internetowych. Physiogel.pl nie odpowiada jednak za standard i polityk\u0119 ochrony prywatno\u015bci stosowan\u0105 przez w\u0142a\u015bcicieli, operator\u00f3w czy administrator\u00f3w tych stron. Dlatego zalecamy weryfikacj\u0119 ka\u017cdego z naszych partner\u00f3w w zakresie w\u0142asnym i samodzielne podj\u0119cie decyzji, czy chcesz powierzy\u0107 im Twoje dane osobowe.<\/p>\n<p class=\"p5\"><span class=\"s3\">Google \u2013\u00a0<a href=\"https:\/\/policies.google.com\/technologies\/partner-sites\"><span class=\"s4\">https:\/\/policies.google.com\/technologies\/partner-sites<\/span><\/a><\/span><\/p>\n<p class=\"p2\">Facebook \u2013 https:\/\/www.facebook.com\/about\/privacy\/cookies<\/p>\n<p class=\"p3\"><b>VI. Przekazywanie Twoich danych osobowych<\/b><\/p>\n<p class=\"p2\">W szczeg\u00f3lnych sytuacjach, w kt\u00f3rych obowi\u0105zuj\u0105ce prawo nakazuje Administratorowi Danych Osobowych przekazywanie zebranych danych organom pa\u0144stwowym, physiogel.pl dane takie udost\u0119pni.<\/p>\n<p class=\"p2\">Za wyj\u0105tkiem tych sytuacji, Twoje dane osobowe w zakresie dozwolonym przez prawo na podstawie odr\u0119bnych um\u00f3w powierzenia przekazywane okre\u015blonym podmiotom wy\u0142\u0105cznie i w zwi\u0105zku z konieczno\u015bci\u0105 realizacji umownego lub prawnego obowi\u0105zku Administratora Danych Osobowych. Do kategorii podmiot\u00f3w jakimi mog\u0105 by\u0107 przekazywane dane nale\u017c\u0105: agencje reklamowe, banki, biura ksi\u0119gowo-rachunkowe, dostawcy us\u0142ug IT, firmy kurierskie, firmy logistyczne, instytucje p\u0142atnicze, przewo\u017anicy.<\/p>\n<p class=\"p2\">W przypadku takiego przekazania, Administrator Danych Osobowych zawiera z tymi podmiotami stosowne umowy powierzenia, gwarantuj\u0105ce najwy\u017cszy standard ochrony i zachowanie poufno\u015bci oraz bezpiecze\u0144stwa danych osobowych, a tak\u017ce ich wykorzystanie jedynie w celu realizacji umownego lub prawnego obowi\u0105zku Administratora Danych Osobowych.<\/p>\n<p class=\"p3\"><b>VII. Zmiana polityki prywatno\u015bci Physiogel.pl<\/b><\/p>\n<p class=\"p2\">Physiogel.pl zastrzega sobie prawo zmiany polityki prywatno\u015bci, o ile b\u0119dzie wymaga\u0107 tego obowi\u0105zuj\u0105ce prawo, ulegn\u0105 zmianie warunki technologiczne funkcjonowania physiogel.pl lub zmiana b\u0119dzie wprowadza\u0107 standard wy\u017cszy od minimum wymaganego prawem.<\/p>\n<p class=\"p2\">Aktualny tekst polityki prywatno\u015bci zawsze b\u0119dzie znajdowa\u0107 si\u0119 pod adresem\u00a0<a href=\"https:\/\/physiogel.pl\/polityka-prywatnosci\"><span class=\"s5\">https:\/\/physiogel.pl\/polityka-prywatnosci<\/span><\/a>.<\/p>\n<p class=\"p3\"><b>VIII. Twoje prawa<\/b><\/p>\n<p class=\"p2\">Zgodnie z obowi\u0105zuj\u0105cymi przepisami w stosunku do swoich danych osobowych masz prawo do:<\/p>\n<ol class=\"ol1\">\n<li class=\"li4\"><span class=\"s2\">odmowy lub ograniczenia przetwarzania danych osobowych;<\/span><\/li>\n<li class=\"li4\"><span class=\"s2\">wniesienia sprzeciwu wobec przetwarzania danych osobowych;<\/span><\/li>\n<li class=\"li4\"><span class=\"s2\">dost\u0119pu do danych osobowych;<\/span><\/li>\n<li class=\"li4\"><span class=\"s2\">sprostowania lub usuni\u0119cia danych osobowych;<\/span><\/li>\n<li class=\"li4\"><span class=\"s2\">przenoszenia danych osobowych;<\/span><\/li>\n<li class=\"li4\"><span class=\"s2\">cofni\u0119cia zgody na przetwarzanie danych osobowych;<\/span><\/li>\n<li class=\"li4\"><span class=\"s2\">wniesienia skargi do organu nadzorczego Prezesa Urz\u0119du Ochrony Danych Osobowych.<\/span><\/li>\n<\/ol>\n<p class=\"p2\">Prawa te s\u0105 niezbywalne i nie mog\u0105 by\u0107 ograniczane. Zawsze ch\u0119tnie udzielimy Ci pomocy i informacji, a cz\u0119\u015b\u0107 z wy\u017cej wymienionych praw mo\u017cesz zrealizowa\u0107 samodzielnie.<\/p>\n<p class=\"p3\"><b>IX. Kontakt<\/b><\/p>\n<p class=\"p2\">W przypadku jakichkolwiek pyta\u0144 lub w\u0105tpliwo\u015bci co do polityki prywatno\u015bci i bezpiecze\u0144stwa Twoich danych osobowych zach\u0119camy do kontaktu e-mail\u00a0<span class=\"s1\"><b>rodo@aristo-pharma.pl.<\/b><\/span><\/p>\n<p class=\"p2\">W przypadku ch\u0119ci aktualizacji lub usuni\u0119cia Twoich danych osobowych, o ile nie mo\u017cesz lub nie chcesz zrobi\u0107 tego samodzielnie, prosimy o kontakt e-mail\u00a0<span class=\"s1\"><b>rodo@aristo-pharma.pl.<\/b><\/span><\/p>\n<p class=\"p2\">W powy\u017cszych sprawach mo\u017cna r\u00f3wnie\u017c korespondowa\u0107 z nami pod adresem:<\/p>\n<p class=\"p2\">Aristo Pharma Sp. z o.o.<\/p>\n<p class=\"p2\">ul. Baletowa 30<\/p>\n<p class=\"p2\">02-867 Warszawa<\/p>\n<p class=\"p6\">NIP: PL 951-216-98-76, REGON: 140380965<\/p>\n<!-- \/wp:paragraph -->\t\t\t\t\t\t<\/div>\n\t\t\t\t<\/div>\n\t\t\t\t\t<\/div>\n\t\t<\/div>\n\t\t\t\t\t\t\t<\/div>\n\t\t<\/section>\n\t\t\t\t\t\t\t<\/div>\n\t\t","protected":false},"excerpt":{"rendered":"<p>Polityka ~ Prywatno\u015bci Podanie danych osobowych, a tak\u017ce zgoda na ich przetwarzanie s\u0105 ca\u0142kowicie dobrowolne. Wszelkie przekazane nam dane osobowe s\u0105 przetwarzane wy\u0142\u0105cznie w zakresie i celu, na jaki wyrazi\u0142e\u015b zgod\u0119. W przypadku, gdy postanowisz jednak nie podawa\u0107 nam niezb\u0119dnych do realizacji zam\u00f3wienia danych i nie wyrazisz zgody na ich przetwarzanie, niestety nie b\u0119dziemy mogli&#8230;<\/p>\n","protected":false},"author":1,"featured_media":988516,"parent":0,"menu_order":0,"comment_status":"closed","ping_status":"open","template":"","meta":{"footnotes":""},"_links":{"self":[{"href":"https:\/\/physiogel-polska.pl\/index.php?rest_route=\/wp\/v2\/pages\/3"}],"collection":[{"href":"https:\/\/physiogel-polska.pl\/index.php?rest_route=\/wp\/v2\/pages"}],"about":[{"href":"https:\/\/physiogel-polska.pl\/index.php?rest_route=\/wp\/v2\/types\/page"}],"author":[{"embeddable":true,"href":"https:\/\/physiogel-polska.pl\/index.php?rest_route=\/wp\/v2\/users\/1"}],"replies":[{"embeddable":true,"href":"https:\/\/physiogel-polska.pl\/index.php?rest_route=%2Fwp%2Fv2%2Fcomments&post=3"}],"version-history":[{"count":3,"href":"https:\/\/physiogel-polska.pl\/index.php?rest_route=\/wp\/v2\/pages\/3\/revisions"}],"predecessor-version":[{"id":989216,"href":"https:\/\/physiogel-polska.pl\/index.php?rest_route=\/wp\/v2\/pages\/3\/revisions\/989216"}],"wp:featuredmedia":[{"embeddable":true,"href":"https:\/\/physiogel-polska.pl\/index.php?rest_route=\/wp\/v2\/media\/988516"}],"wp:attachment":[{"href":"https:\/\/physiogel-polska.pl\/index.php?rest_route=%2Fwp%2Fv2%2Fmedia&parent=3"}],"curies":[{"name":"wp","href":"https:\/\/api.w.org\/{rel}","templated":true}]}}